{"id":169,"date":"2018-02-21T14:00:57","date_gmt":"2018-02-21T13:00:57","guid":{"rendered":"http:\/\/autourdelabeaute.fr\/?page_id=169"},"modified":"2025-04-18T17:48:28","modified_gmt":"2025-04-18T15:48:28","slug":"nos-soins-epilations","status":"publish","type":"page","link":"https:\/\/autourdelabeaute.fr\/?page_id=169","title":{"rendered":"Nos soins \u00e9pilations"},"content":{"rendered":"<p>&nbsp;<\/p>\n<p><strong>L<\/strong>\u2019\u00e9pilation est un v\u00e9ritable soin de peau. Votre peau est vivante et nous lui apportons tous les bienfaits n\u00e9cessaires dans nos Soins \u00c9pilations.<\/p>\n<p><i>En notre qualit\u00e9 de professionnelles des soins de beaut\u00e9, nous s\u00e9lectionnons <\/i><i>une cire ti\u00e8de pour peaux sensibles, jetable, \u00e0 usage unique, sans colophane, <\/i><i>et avec une temp\u00e9rature d&rsquo;application confortable. Des soins pr\u00e9 et post \u00e9pilation de qualit\u00e9s et de fabrication Fran\u00e7aise. Nous utilisons des appareils \u00e0 cire dit \u00ab\u00a0intelligent\u00a0\u00bb, la temp\u00e9rature est maintenue quelque soit la quantit\u00e9 de cire contenue.<\/i><\/p>\n<p><i>\u00a0<\/i><i>Ici, votre peau m\u00e9rite aussi toute notre attention et notre savoir-faire.<\/i><\/p>\n<p><strong>\u00a0 \u00a0 \u00a0 \u00a0 \u00a0 \u00a0 \u00a0\u25e6L\u00e8vres ou menton \/ 9,50\u20ac<\/strong><\/p>\n<p><strong>\u00a0 \u00a0 \u00a0 \u00a0 \u00a0 \u00a0 \u00a0\u25e6Sourcils \/ 12,00 \u20ac<\/strong><\/p>\n<p><strong>\u00a0 \u00a0 \u00a0 \u00a0 \u00a0 \u00a0 \u00a0\u25e6Visage \/ 20\u20ac\u00a0<\/strong><\/p>\n<p><strong>\u00a0\u00a0\u00a0\u00a0\u00a0\u00a0\u00a0\u00a0\u00a0\u00a0\u00a0\u00a0 \u25e6Narine \/ 6,50\u20ac<\/strong><\/p>\n<p><strong>\u00a0\u00a0\u00a0\u00a0\u00a0\u00a0\u00a0\u00a0\u00a0\u00a0\u00a0\u00a0 \u25e6Aisselles \/ 15\u20ac<\/strong><\/p>\n<p><strong>\u00a0\u00a0\u00a0\u00a0\u00a0\u00a0\u00a0\u00a0\u00a0\u00a0\u00a0\u00a0 \u25e6Bras \/ 18 \u20ac<\/strong><\/p>\n<p><strong>\u00a0\u00a0\u00a0\u00a0\u00a0\u00a0\u00a0\u00a0\u00a0\u00a0\u00a0\u00a0 \u25e6Avant-bras \/ 14 \u20ac<\/strong><\/p>\n<p><strong>\u00a0\u00a0\u00a0\u00a0\u00a0\u00a0\u00a0\u00a0\u00a0\u00a0\u00a0\u00a0 \u25e6Maillot classique \/ 14 \u20ac<\/strong><\/p>\n<p><strong>\u00a0\u00a0\u00a0\u00a0\u00a0\u00a0\u00a0\u00a0\u00a0\u00a0\u00a0\u00a0 \u25e6Maillot \u00e9chancr\u00e9 \/ 18 \u20ac<\/strong><\/p>\n<p><strong>\u00a0\u00a0\u00a0\u00a0\u00a0\u00a0\u00a0\u00a0\u00a0\u00a0\u00a0\u00a0 \u25e6Maillot Semi int\u00e9gral \/ 22 \u20ac<\/strong><\/p>\n<p><strong>\u00a0 \u00a0 \u00a0 \u00a0 \u00a0 \u00a0 \u00a0\u25e6Maillot int\u00e9gral \/ 29 \u20ac<\/strong><\/p>\n<p><strong>\u00a0\u00a0\u00a0\u00a0\u00a0\u00a0\u00a0\u00a0\u00a0\u00a0\u00a0\u00a0 \u25e61\/2 jambes \/ 18 \u20ac\u00a0<\/strong><\/p>\n<p><strong>\u00a0 \u00a0 \u00a0 \u00a0 \u00a0 \u00a0 \u00a0\u25e6Cuisses \/ 18 \u20ac\u00a0<\/strong><\/p>\n<p><strong>\u00a0 \u00a0 \u00a0 \u00a0 \u00a0 \u00a0 \u00a0\u25e6Jambes compl\u00e8tes \/ 29 \u20ac<\/strong><\/p>\n<p><strong>\u00a0 \u00a0 \u00a0 \u00a0 \u00a0 \u00a0 \u00a0\u25e6Forfait Jambes compl\u00e8tes+Maillot+Aisselles \/ 49 \u20ac<\/strong><\/p>\n<p><strong>\u00a0 \u00a0 \u00a0 \u00a0 \u00a0 \u00a0 \u00a0\u25e6Forfait 1\/2 Jambes +Maillot+Aisselles \/ 35 \u20ac<\/strong><\/p>\n<p>&nbsp;<\/p>\n<p><i><strong>E<\/strong>t pour prendre encore plus soin de votre fid\u00e9lit\u00e9, <\/i><\/p>\n<p><i>le forfait de\u00a0 \u201310%, \u00e0 partir de 3 \u00e9pilations en un seul soin,<\/i><\/p>\n<p><i>est pris en compte dans votre fid\u00e9lit\u00e9\u00a0<\/i><\/p>\n<p>&nbsp;<\/p>\n","protected":false},"excerpt":{"rendered":"<p>&nbsp; L\u2019\u00e9pilation est un v\u00e9ritable soin de peau. Votre peau est vivante et nous lui apportons tous les bienfaits n\u00e9cessaires dans nos Soins \u00c9pilations. En notre qualit\u00e9 de professionnelles des soins de beaut\u00e9, nous s\u00e9lectionnons une cire ti\u00e8de pour peaux sensibles, jetable, \u00e0 usage unique, sans colophane, et avec une temp\u00e9rature d&rsquo;application confortable. Des soins &hellip; <\/p>\n<p class=\"link-more\"><a href=\"https:\/\/autourdelabeaute.fr\/?page_id=169\" class=\"more-link\">Continuer la lecture<span class=\"screen-reader-text\"> de &laquo;&nbsp;Nos soins \u00e9pilations&nbsp;&raquo;<\/span><\/a><\/p>\n","protected":false},"author":1,"featured_media":0,"parent":0,"menu_order":0,"comment_status":"closed","ping_status":"closed","template":"","meta":{"footnotes":""},"class_list":["post-169","page","type-page","status-publish","hentry"],"_links":{"self":[{"href":"https:\/\/autourdelabeaute.fr\/index.php?rest_route=\/wp\/v2\/pages\/169","targetHints":{"allow":["GET"]}}],"collection":[{"href":"https:\/\/autourdelabeaute.fr\/index.php?rest_route=\/wp\/v2\/pages"}],"about":[{"href":"https:\/\/autourdelabeaute.fr\/index.php?rest_route=\/wp\/v2\/types\/page"}],"author":[{"embeddable":true,"href":"https:\/\/autourdelabeaute.fr\/index.php?rest_route=\/wp\/v2\/users\/1"}],"replies":[{"embeddable":true,"href":"https:\/\/autourdelabeaute.fr\/index.php?rest_route=%2Fwp%2Fv2%2Fcomments&post=169"}],"version-history":[{"count":11,"href":"https:\/\/autourdelabeaute.fr\/index.php?rest_route=\/wp\/v2\/pages\/169\/revisions"}],"predecessor-version":[{"id":589,"href":"https:\/\/autourdelabeaute.fr\/index.php?rest_route=\/wp\/v2\/pages\/169\/revisions\/589"}],"wp:attachment":[{"href":"https:\/\/autourdelabeaute.fr\/index.php?rest_route=%2Fwp%2Fv2%2Fmedia&parent=169"}],"curies":[{"name":"wp","href":"https:\/\/api.w.org\/{rel}","templated":true}]}}