{"id":156,"date":"2018-02-21T13:10:22","date_gmt":"2018-02-21T12:10:22","guid":{"rendered":"http:\/\/autourdelabeaute.fr\/?page_id=156"},"modified":"2025-04-29T13:27:37","modified_gmt":"2025-04-29T11:27:37","slug":"notre-selection-soins-du-visage","status":"publish","type":"page","link":"https:\/\/autourdelabeaute.fr\/?page_id=156","title":{"rendered":"Les soins Visages &#8211; Expertise &amp; Techniques manuelles"},"content":{"rendered":"\n<div class=\"wp-block-group\"><div class=\"wp-block-group__inner-container is-layout-constrained wp-block-group-is-layout-constrained\">\n<p><img loading=\"lazy\" decoding=\"async\" class=\"size-medium wp-image-472 aligncenter\" src=\"https:\/\/autourdelabeaute.fr\/wp-content\/uploads\/2023\/12\/BACHE-PARIS-300x150.jpg\" alt=\"\" width=\"300\" height=\"150\" srcset=\"https:\/\/autourdelabeaute.fr\/wp-content\/uploads\/2023\/12\/BACHE-PARIS-300x150.jpg 300w, https:\/\/autourdelabeaute.fr\/wp-content\/uploads\/2023\/12\/BACHE-PARIS-768x384.jpg 768w, https:\/\/autourdelabeaute.fr\/wp-content\/uploads\/2023\/12\/BACHE-PARIS-1024x512.jpg 1024w\" sizes=\"auto, (max-width: 300px) 100vw, 300px\" \/><\/p>\n<p><i>Tous mes soins sont r\u00e9alis\u00e9s avec les cosm\u00e9tiques\u00a0<strong>ELLA BACH\u00c9\u00ae<\/strong> (Marque Fran\u00e7aise \ud83c\uddeb\ud83c\uddf7 depuis 1936), reconnus pour leur efficacit\u00e9 et leur naturalit\u00e9.<\/i><\/p>\n<p><i>Je vous conseille sur le soin le plus adapt\u00e9 \u00e0 votre peau lors de votre venue.<\/i><\/p>\n<p>Vous souhaitez un programme personnalis\u00e9 ? Parlons-en ensemble.<\/p>\n<p><i>(Nos soins du visage comprennent d\u00e9maquillage, gommage, massage, s\u00e9rum, masque, cr\u00e8me de fin de soin).<\/i><\/p>\n<p style=\"text-align: center;\"><strong>SOINS VISAGE ESSENTIELS<\/strong><\/p>\n<hr \/>\n<p><strong>\u25e6Soin\u00a0<span style=\"font-size: 1rem;\">Hydra Repulp \u00a0\u2308Hydratation\u230b<\/span><\/strong><span style=\"font-size: 1rem;\">\u00a0\/ 59\u20ac <\/span><i style=\"font-size: 1rem;\">(60\u2019)<\/i><i style=\"font-size: 1rem;\">\u00a0 \u00a0\u00a0<\/i><i style=\"font-size: 1rem;\">Hydratation &#8211; Toutes peaux et Toutes saisons.<\/i><\/p>\n<p><strong>\u25e6Soin Pur Aromatics \u2308Purifiant\u230b<\/strong> \/ 59\u20ac <i>(60\u2019) <\/i><i>\u00a0 \u00a0<\/i><i>Puret\u00e9 &#8211; Toutes saisons.<\/i><\/p>\n<p style=\"text-align: center;\"><strong>SOIN VISAGE ANTI-\u00c2GE<\/strong><\/p>\n<hr \/>\n<p><strong>\u25e6Soin TOMATE GLOW \u2308Lissant-Eclat\u230bNOUVEAU<\/strong> \/ 65\u20ac <i>(60\u2019) <\/i><i>\u00a0\u00a0<\/i><i>Anti-\u00e2ge &#8211; Toutes saisons.<\/i><\/p>\n<p><strong>\u25e6Soin GLOW et Lift Ritual \u2308Soin Tomate Glow + massage facial japonais\u230b<\/strong> \/ 95\u20ac <i>(80\u2019) <\/i><i>\u00a0\u00a0<\/i><i>Anti-\u00e2ge &#8211; Toutes saisons.<\/i><\/p>\n<p>&nbsp;<\/p>\n<hr \/>\n<p>&nbsp;<\/p>\n<\/div><\/div>\n\n\n\n<p>Les soins du visage pratiqu\u00e9s \u00e0 l&rsquo;institut Autour de la Beaut\u00e9 sont r\u00e9alis\u00e9s par une esth\u00e9ticienne dipl\u00f4m\u00e9e d&rsquo;\u00c9tat, dans le cadre de l&rsquo;activit\u00e9 r\u00e8glement\u00e9e 9602B &#8211; Soins de beaut\u00e9. Ils n&rsquo;ont aucune vis\u00e9e m\u00e9dicale ou dermatologique, conform\u00e9ment \u00e0 l&rsquo;article L.4321-1 du code de la sant\u00e9 publique, qui r\u00e9serve le traitement des affections cutan\u00e9es aux professionnels de sant\u00e9.<\/p>\n\n\n\n<p>Ces soins ont pour but de nettoyer, hydrater, apaiser ou illuminer la peau, tout en procurant un moment de relaxation et de bien-\u00eatre global.<\/p>\n","protected":false},"excerpt":{"rendered":"<p>Tous mes soins sont r\u00e9alis\u00e9s avec les cosm\u00e9tiques\u00a0ELLA BACH\u00c9\u00ae (Marque Fran\u00e7aise \ud83c\uddeb\ud83c\uddf7 depuis 1936), reconnus pour leur efficacit\u00e9 et leur naturalit\u00e9. Je vous conseille sur le soin le plus adapt\u00e9 \u00e0 votre peau lors de votre venue. Vous souhaitez un programme personnalis\u00e9 ? Parlons-en ensemble. (Nos soins du visage comprennent d\u00e9maquillage, gommage, massage, s\u00e9rum, masque, &hellip; <\/p>\n<p class=\"link-more\"><a href=\"https:\/\/autourdelabeaute.fr\/?page_id=156\" class=\"more-link\">Continuer la lecture<span class=\"screen-reader-text\"> de &laquo;&nbsp;Les soins Visages &#8211; Expertise &amp; Techniques manuelles&nbsp;&raquo;<\/span><\/a><\/p>\n","protected":false},"author":1,"featured_media":0,"parent":0,"menu_order":0,"comment_status":"closed","ping_status":"closed","template":"","meta":{"footnotes":""},"class_list":["post-156","page","type-page","status-publish","hentry"],"_links":{"self":[{"href":"https:\/\/autourdelabeaute.fr\/index.php?rest_route=\/wp\/v2\/pages\/156","targetHints":{"allow":["GET"]}}],"collection":[{"href":"https:\/\/autourdelabeaute.fr\/index.php?rest_route=\/wp\/v2\/pages"}],"about":[{"href":"https:\/\/autourdelabeaute.fr\/index.php?rest_route=\/wp\/v2\/types\/page"}],"author":[{"embeddable":true,"href":"https:\/\/autourdelabeaute.fr\/index.php?rest_route=\/wp\/v2\/users\/1"}],"replies":[{"embeddable":true,"href":"https:\/\/autourdelabeaute.fr\/index.php?rest_route=%2Fwp%2Fv2%2Fcomments&post=156"}],"version-history":[{"count":35,"href":"https:\/\/autourdelabeaute.fr\/index.php?rest_route=\/wp\/v2\/pages\/156\/revisions"}],"predecessor-version":[{"id":598,"href":"https:\/\/autourdelabeaute.fr\/index.php?rest_route=\/wp\/v2\/pages\/156\/revisions\/598"}],"wp:attachment":[{"href":"https:\/\/autourdelabeaute.fr\/index.php?rest_route=%2Fwp%2Fv2%2Fmedia&parent=156"}],"curies":[{"name":"wp","href":"https:\/\/api.w.org\/{rel}","templated":true}]}}