{"id":148,"date":"2018-02-21T13:01:28","date_gmt":"2018-02-21T12:01:28","guid":{"rendered":"http:\/\/autourdelabeaute.fr\/?page_id=148"},"modified":"2022-05-05T20:05:12","modified_gmt":"2022-05-05T18:05:12","slug":"nos-soins-signatures","status":"publish","type":"page","link":"https:\/\/autourdelabeaute.fr\/?page_id=148","title":{"rendered":"Nos soins signatures"},"content":{"rendered":"<p><strong><i>L<\/i><\/strong><i>es Rituels Signatures de l\u2019Institut &amp; Spa<\/i><\/p>\n<p><i>Nos Rituels corps s\u2019accompagnent d\u2019une s\u00e9lection d\u2019ingr\u00e9dients gourmands ou d\u2019appellation d\u2019origine. <\/i><\/p>\n<p><i>Dans notre s\u00e9lection, nous privil\u00e9gions la simplicit\u00e9 et l\u2019authenticit\u00e9.<\/i><\/p>\n<p>&nbsp;<\/p>\n<p><strong>\u25e6Rituel Secret de Polyn\u00e9sie \/ 50\u20ac <i>(50\u2019) <\/i><\/strong><\/p>\n<p><i>\u00a0\u00a0\u00a0\u00a0\u00a0\u00a0\u00a0\u00a0\u00a0\u00a0\u00a0\u00a0\u00a0\u00a0\u00a0\u00a0 <\/i><i>Gommage fin, m<\/i><i>assage 20 minutes <\/i><\/p>\n<p><i>\u00a0<\/i>\u00a0<strong>\u25e6Rituel au Baume Miel Amande \/ 30\u20ac <i>(30\u2019) <\/i><\/strong><\/p>\n<p><i>\u00a0\u00a0\u00a0\u00a0\u00a0\u00a0\u00a0\u00a0\u00a0\u00a0\u00a0\u00a0\u00a0\u00a0\u00a0\u00a0 <\/i><i>Gommage modelant et hydratant<\/i><\/p>\n<p>&nbsp;<\/p>\n<p><strong><i>L<\/i><\/strong><i>es Modelages drainants esth\u00e9tiques de l\u2019Institut &amp; Spa<\/i><\/p>\n<p><i>Le modelage drainant esth\u00e9tique est un ballet technique de man\u0153uvres lentes et de pressions douces en quatre temps.<\/i><\/p>\n<p><strong>\u25e6Modelage des jambes \/ 50\u20ac <i>(50\u2019) <\/i><\/strong><\/p>\n<p><strong>\u25e6Modelage du Visage \/ 25\u20ac <i>(20\u2019) <\/i><\/strong><\/p>\n<p><i>\u00a0<\/i><strong>\u25e6Modelage Visage et Jambes \/ 60\u20ac <i>(65\u2019)<\/i><\/strong><\/p>\n<p>&nbsp;<\/p>\n<p><strong><i>L<\/i><\/strong><i>e Soin Plume<\/i><\/p>\n<p><strong>\u25e6Plume \/ 45\u20ac <i>(50\u2019) <\/i><\/strong><\/p>\n<p><i>\u00a0\u00a0\u00a0\u00a0\u00a0\u00a0\u00a0\u00a0\u00a0\u00a0\u00a0\u00a0\u00a0\u00a0\u00a0\u00a0 <\/i><i>Gommage des jambes, t<\/i><i>echniques de pressions, e<\/i><i style=\"font-size: 1rem;\">nveloppement fra\u00eecheur des jambes<\/i><\/p>\n<p><i>\u00a0<\/i><\/p>\n<p>&nbsp;<\/p>\n<p>&nbsp;<\/p>\n<p>&nbsp;<\/p>\n<p>&nbsp;<\/p>\n<p>&nbsp;<\/p>\n","protected":false},"excerpt":{"rendered":"<p>Les Rituels Signatures de l\u2019Institut &amp; Spa Nos Rituels corps s\u2019accompagnent d\u2019une s\u00e9lection d\u2019ingr\u00e9dients gourmands ou d\u2019appellation d\u2019origine. Dans notre s\u00e9lection, nous privil\u00e9gions la simplicit\u00e9 et l\u2019authenticit\u00e9. &nbsp; \u25e6Rituel Secret de Polyn\u00e9sie \/ 50\u20ac (50\u2019) \u00a0\u00a0\u00a0\u00a0\u00a0\u00a0\u00a0\u00a0\u00a0\u00a0\u00a0\u00a0\u00a0\u00a0\u00a0\u00a0 Gommage fin, massage 20 minutes \u00a0\u00a0\u25e6Rituel au Baume Miel Amande \/ 30\u20ac (30\u2019) \u00a0\u00a0\u00a0\u00a0\u00a0\u00a0\u00a0\u00a0\u00a0\u00a0\u00a0\u00a0\u00a0\u00a0\u00a0\u00a0 Gommage modelant et hydratant &nbsp; &hellip; <\/p>\n<p class=\"link-more\"><a href=\"https:\/\/autourdelabeaute.fr\/?page_id=148\" class=\"more-link\">Continuer la lecture<span class=\"screen-reader-text\"> de &laquo;&nbsp;Nos soins signatures&nbsp;&raquo;<\/span><\/a><\/p>\n","protected":false},"author":1,"featured_media":0,"parent":0,"menu_order":0,"comment_status":"closed","ping_status":"closed","template":"","meta":{"footnotes":""},"class_list":["post-148","page","type-page","status-publish","hentry"],"_links":{"self":[{"href":"https:\/\/autourdelabeaute.fr\/index.php?rest_route=\/wp\/v2\/pages\/148","targetHints":{"allow":["GET"]}}],"collection":[{"href":"https:\/\/autourdelabeaute.fr\/index.php?rest_route=\/wp\/v2\/pages"}],"about":[{"href":"https:\/\/autourdelabeaute.fr\/index.php?rest_route=\/wp\/v2\/types\/page"}],"author":[{"embeddable":true,"href":"https:\/\/autourdelabeaute.fr\/index.php?rest_route=\/wp\/v2\/users\/1"}],"replies":[{"embeddable":true,"href":"https:\/\/autourdelabeaute.fr\/index.php?rest_route=%2Fwp%2Fv2%2Fcomments&post=148"}],"version-history":[{"count":5,"href":"https:\/\/autourdelabeaute.fr\/index.php?rest_route=\/wp\/v2\/pages\/148\/revisions"}],"predecessor-version":[{"id":150,"href":"https:\/\/autourdelabeaute.fr\/index.php?rest_route=\/wp\/v2\/pages\/148\/revisions\/150"}],"wp:attachment":[{"href":"https:\/\/autourdelabeaute.fr\/index.php?rest_route=%2Fwp%2Fv2%2Fmedia&parent=148"}],"curies":[{"name":"wp","href":"https:\/\/api.w.org\/{rel}","templated":true}]}}